{"id":834,"date":"2024-09-13T12:44:54","date_gmt":"2024-09-13T10:44:54","guid":{"rendered":"https:\/\/blog.vittascience.com\/?page_id=834"},"modified":"2024-09-13T16:21:32","modified_gmt":"2024-09-13T14:21:32","slug":"about","status":"publish","type":"page","link":"https:\/\/blog.vittascience.com\/en\/about\/","title":{"rendered":"About"},"content":{"rendered":"<div data-elementor-type=\"wp-page\" data-elementor-id=\"834\" class=\"elementor elementor-834\" data-elementor-post-type=\"page\">\n\t\t\t\t<div class=\"elementor-element elementor-element-1ee3ef7b e-flex e-con-boxed e-con e-parent\" data-id=\"1ee3ef7b\" data-element_type=\"container\" data-e-type=\"container\">\n\t\t\t\t\t<div class=\"e-con-inner\">\n\t\t<div class=\"elementor-element elementor-element-1e463f6b e-con-full e-flex e-con e-child\" data-id=\"1e463f6b\" data-element_type=\"container\" data-e-type=\"container\">\n\t\t\t\t<div class=\"elementor-element elementor-element-6c43b2c0 elementor-widget__width-initial elementor-widget elementor-widget-heading\" data-id=\"6c43b2c0\" data-element_type=\"widget\" data-e-type=\"widget\" data-widget_type=\"heading.default\">\n\t\t\t\t<div class=\"elementor-widget-container\">\n\t\t\t\t\t<h1 class=\"elementor-heading-title elementor-size-default\">About<\/h1>\t\t\t\t<\/div>\n\t\t\t\t<\/div>\n\t\t\t\t<div class=\"elementor-element elementor-element-3e9b66bb elementor-widget elementor-widget-text-editor\" data-id=\"3e9b66bb\" data-element_type=\"widget\" data-e-type=\"widget\" data-widget_type=\"text-editor.default\">\n\t\t\t\t<div class=\"elementor-widget-container\">\n\t\t\t\t\t\t\t\t\t<p>Vittascience is a company specializing in innovative educational solutions for learning science and technology (STEM). Our mission is to make these disciplines accessible and fun through interactive tools, educational kits, educational games and resources dedicated to teachers. We offer intuitive platforms, such as programming interfaces for robots and experimentation kits, allowing students to learn while having fun. In collaboration with teachers and experts, we develop solutions adapted to current educational needs.<\/p>\t\t\t\t\t\t\t\t<\/div>\n\t\t\t\t<\/div>\n\t\t\t\t<\/div>\n\t\t<div class=\"elementor-element elementor-element-50adc97c e-con-full e-flex e-con e-child\" data-id=\"50adc97c\" data-element_type=\"container\" data-e-type=\"container\" data-settings=\"{&quot;background_background&quot;:&quot;classic&quot;,&quot;background_motion_fx_motion_fx_scrolling&quot;:&quot;yes&quot;,&quot;background_motion_fx_devices&quot;:[&quot;desktop&quot;,&quot;tablet&quot;,&quot;mobile&quot;]}\">\n\t\t\t\t<div class=\"elementor-element elementor-element-bfdd355 elementor-widget elementor-widget-image\" data-id=\"bfdd355\" data-element_type=\"widget\" data-e-type=\"widget\" data-widget_type=\"image.default\">\n\t\t\t\t<div class=\"elementor-widget-container\">\n\t\t\t\t\t\t\t\t\t\t\t\t\t\t\t<img fetchpriority=\"high\" decoding=\"async\" width=\"800\" height=\"375\" src=\"https:\/\/blog.vittascience.com\/wp-content\/uploads\/2024\/09\/vittascience2-1024x480.png\" class=\"attachment-large size-large wp-image-788\" alt=\"\" srcset=\"https:\/\/blog.vittascience.com\/wp-content\/uploads\/2024\/09\/vittascience2-1024x480.png 1024w, https:\/\/blog.vittascience.com\/wp-content\/uploads\/2024\/09\/vittascience2-300x141.png 300w, https:\/\/blog.vittascience.com\/wp-content\/uploads\/2024\/09\/vittascience2-768x360.png 768w, https:\/\/blog.vittascience.com\/wp-content\/uploads\/2024\/09\/vittascience2-1536x721.png 1536w, https:\/\/blog.vittascience.com\/wp-content\/uploads\/2024\/09\/vittascience2-2048x961.png 2048w\" sizes=\"(max-width: 800px) 100vw, 800px\" \/>\t\t\t\t\t\t\t\t\t\t\t\t\t\t\t<\/div>\n\t\t\t\t<\/div>\n\t\t\t\t<\/div>\n\t\t\t\t\t<\/div>\n\t\t\t\t<\/div>\n\t\t\t\t<\/div>","protected":false},"excerpt":{"rendered":"<p>About Vittascience is a company specializing in innovative educational solutions for learning science and technology (STEM). Our mission is to make these disciplines accessible and fun through interactive tools, educational kits, educational games and resources dedicated to teachers. We offer intuitive platforms, such as interfaces [\u2026]<\/p>","protected":false},"author":2,"featured_media":0,"parent":0,"menu_order":0,"comment_status":"closed","ping_status":"closed","template":"elementor_header_footer","meta":{"footnotes":""},"class_list":["post-834","page","type-page","status-publish","hentry"],"yoast_head":"<!-- This site is optimized with the Yoast SEO plugin v24.2 - https:\/\/yoast.com\/wordpress\/plugins\/seo\/ -->\n<title>About - Blog - Vittascience<\/title>\n<meta name=\"robots\" content=\"index, follow, max-snippet:-1, max-image-preview:large, max-video-preview:-1\" \/>\n<link rel=\"canonical\" href=\"https:\/\/blog.vittascience.com\/en\/about\/\" \/>\n<meta property=\"og:locale\" content=\"en_US\" \/>\n<meta property=\"og:type\" content=\"article\" \/>\n<meta property=\"og:title\" content=\"About - Blog - Vittascience\" \/>\n<meta property=\"og:description\" content=\"A propos Vittascience est une entreprise sp\u00e9cialis\u00e9e dans les solutions \u00e9ducatives innovantes pour l\u2019apprentissage des sciences et des technologies (STEM). Notre mission est de rendre ces disciplines accessibles et ludiques \u00e0 travers des outils interactifs, des kits p\u00e9dagogiques, des jeux \u00e9ducatifs et des ressources d\u00e9di\u00e9es aux enseignants. Nous proposons des plateformes intuitives, comme des interfaces [&hellip;]\" \/>\n<meta property=\"og:url\" content=\"https:\/\/blog.vittascience.com\/en\/about\/\" \/>\n<meta property=\"og:site_name\" content=\"Blog - Vittascience\" \/>\n<meta property=\"article:modified_time\" content=\"2024-09-13T14:21:32+00:00\" \/>\n<meta property=\"og:image\" content=\"https:\/\/blog.vittascience.com\/wp-content\/uploads\/2024\/09\/vittascience2.png\" \/>\n\t<meta property=\"og:image:width\" content=\"2498\" \/>\n\t<meta property=\"og:image:height\" content=\"1172\" \/>\n\t<meta property=\"og:image:type\" content=\"image\/png\" \/>\n<meta name=\"twitter:card\" content=\"summary_large_image\" \/>\n<script type=\"application\/ld+json\" class=\"yoast-schema-graph\">{\"@context\":\"https:\/\/schema.org\",\"@graph\":[{\"@type\":\"WebPage\",\"@id\":\"https:\/\/blog.vittascience.com\/about\/\",\"url\":\"https:\/\/blog.vittascience.com\/about\/\",\"name\":\"About - Blog - Vittascience\",\"isPartOf\":{\"@id\":\"https:\/\/blog.vittascience.com\/#website\"},\"primaryImageOfPage\":{\"@id\":\"https:\/\/blog.vittascience.com\/about\/#primaryimage\"},\"image\":{\"@id\":\"https:\/\/blog.vittascience.com\/about\/#primaryimage\"},\"thumbnailUrl\":\"https:\/\/blog.vittascience.com\/wp-content\/uploads\/2024\/09\/vittascience2-1024x480.png\",\"datePublished\":\"2024-09-13T10:44:54+00:00\",\"dateModified\":\"2024-09-13T14:21:32+00:00\",\"breadcrumb\":{\"@id\":\"https:\/\/blog.vittascience.com\/about\/#breadcrumb\"},\"inLanguage\":\"en-US\",\"potentialAction\":[{\"@type\":\"ReadAction\",\"target\":[\"https:\/\/blog.vittascience.com\/about\/\"]}]},{\"@type\":\"ImageObject\",\"inLanguage\":\"en-US\",\"@id\":\"https:\/\/blog.vittascience.com\/about\/#primaryimage\",\"url\":\"https:\/\/blog.vittascience.com\/wp-content\/uploads\/2024\/09\/vittascience2-1024x480.png\",\"contentUrl\":\"https:\/\/blog.vittascience.com\/wp-content\/uploads\/2024\/09\/vittascience2-1024x480.png\"},{\"@type\":\"BreadcrumbList\",\"@id\":\"https:\/\/blog.vittascience.com\/about\/#breadcrumb\",\"itemListElement\":[{\"@type\":\"ListItem\",\"position\":1,\"name\":\"Accueil\",\"item\":\"https:\/\/blog.vittascience.com\/\"},{\"@type\":\"ListItem\",\"position\":2,\"name\":\"About\"}]},{\"@type\":\"WebSite\",\"@id\":\"https:\/\/blog.vittascience.com\/#website\",\"url\":\"https:\/\/blog.vittascience.com\/\",\"name\":\"Blog - Vittascience\",\"description\":\"Le blog de Vittascience\",\"publisher\":{\"@id\":\"https:\/\/blog.vittascience.com\/#organization\"},\"potentialAction\":[{\"@type\":\"SearchAction\",\"target\":{\"@type\":\"EntryPoint\",\"urlTemplate\":\"https:\/\/blog.vittascience.com\/?s={search_term_string}\"},\"query-input\":{\"@type\":\"PropertyValueSpecification\",\"valueRequired\":true,\"valueName\":\"search_term_string\"}}],\"inLanguage\":\"en-US\"},{\"@type\":\"Organization\",\"@id\":\"https:\/\/blog.vittascience.com\/#organization\",\"name\":\"Blog - Vittascience\",\"url\":\"https:\/\/blog.vittascience.com\/\",\"logo\":{\"@type\":\"ImageObject\",\"inLanguage\":\"en-US\",\"@id\":\"https:\/\/blog.vittascience.com\/#\/schema\/logo\/image\/\",\"url\":\"https:\/\/blog.vittascience.com\/wp-content\/uploads\/2024\/09\/logo_vittascience_blog-scaled.png\",\"contentUrl\":\"https:\/\/blog.vittascience.com\/wp-content\/uploads\/2024\/09\/logo_vittascience_blog-scaled.png\",\"width\":2560,\"height\":1344,\"caption\":\"Blog - Vittascience\"},\"image\":{\"@id\":\"https:\/\/blog.vittascience.com\/#\/schema\/logo\/image\/\"}}]}<\/script>\n<!-- \/ Yoast SEO plugin. -->","yoast_head_json":{"title":"About - Blog - Vittascience","robots":{"index":"index","follow":"follow","max-snippet":"max-snippet:-1","max-image-preview":"max-image-preview:large","max-video-preview":"max-video-preview:-1"},"canonical":"https:\/\/blog.vittascience.com\/en\/about\/","og_locale":"en_US","og_type":"article","og_title":"About - Blog - Vittascience","og_description":"A propos Vittascience est une entreprise sp\u00e9cialis\u00e9e dans les solutions \u00e9ducatives innovantes pour l\u2019apprentissage des sciences et des technologies (STEM). Notre mission est de rendre ces disciplines accessibles et ludiques \u00e0 travers des outils interactifs, des kits p\u00e9dagogiques, des jeux \u00e9ducatifs et des ressources d\u00e9di\u00e9es aux enseignants. Nous proposons des plateformes intuitives, comme des interfaces [&hellip;]","og_url":"https:\/\/blog.vittascience.com\/en\/about\/","og_site_name":"Blog - Vittascience","article_modified_time":"2024-09-13T14:21:32+00:00","og_image":[{"width":2498,"height":1172,"url":"https:\/\/blog.vittascience.com\/wp-content\/uploads\/2024\/09\/vittascience2.png","type":"image\/png"}],"twitter_card":"summary_large_image","schema":{"@context":"https:\/\/schema.org","@graph":[{"@type":"WebPage","@id":"https:\/\/blog.vittascience.com\/about\/","url":"https:\/\/blog.vittascience.com\/about\/","name":"About - Blog - Vittascience","isPartOf":{"@id":"https:\/\/blog.vittascience.com\/#website"},"primaryImageOfPage":{"@id":"https:\/\/blog.vittascience.com\/about\/#primaryimage"},"image":{"@id":"https:\/\/blog.vittascience.com\/about\/#primaryimage"},"thumbnailUrl":"https:\/\/blog.vittascience.com\/wp-content\/uploads\/2024\/09\/vittascience2-1024x480.png","datePublished":"2024-09-13T10:44:54+00:00","dateModified":"2024-09-13T14:21:32+00:00","breadcrumb":{"@id":"https:\/\/blog.vittascience.com\/about\/#breadcrumb"},"inLanguage":"en-US","potentialAction":[{"@type":"ReadAction","target":["https:\/\/blog.vittascience.com\/about\/"]}]},{"@type":"ImageObject","inLanguage":"en-US","@id":"https:\/\/blog.vittascience.com\/about\/#primaryimage","url":"https:\/\/blog.vittascience.com\/wp-content\/uploads\/2024\/09\/vittascience2-1024x480.png","contentUrl":"https:\/\/blog.vittascience.com\/wp-content\/uploads\/2024\/09\/vittascience2-1024x480.png"},{"@type":"BreadcrumbList","@id":"https:\/\/blog.vittascience.com\/about\/#breadcrumb","itemListElement":[{"@type":"ListItem","position":1,"name":"Accueil","item":"https:\/\/blog.vittascience.com\/"},{"@type":"ListItem","position":2,"name":"About"}]},{"@type":"WebSite","@id":"https:\/\/blog.vittascience.com\/#website","url":"https:\/\/blog.vittascience.com\/","name":"Blog - Vittascience","description":"Le blog de Vittascience","publisher":{"@id":"https:\/\/blog.vittascience.com\/#organization"},"potentialAction":[{"@type":"SearchAction","target":{"@type":"EntryPoint","urlTemplate":"https:\/\/blog.vittascience.com\/?s={search_term_string}"},"query-input":{"@type":"PropertyValueSpecification","valueRequired":true,"valueName":"search_term_string"}}],"inLanguage":"en-US"},{"@type":"Organization","@id":"https:\/\/blog.vittascience.com\/#organization","name":"Blog - Vittascience","url":"https:\/\/blog.vittascience.com\/","logo":{"@type":"ImageObject","inLanguage":"en-US","@id":"https:\/\/blog.vittascience.com\/#\/schema\/logo\/image\/","url":"https:\/\/blog.vittascience.com\/wp-content\/uploads\/2024\/09\/logo_vittascience_blog-scaled.png","contentUrl":"https:\/\/blog.vittascience.com\/wp-content\/uploads\/2024\/09\/logo_vittascience_blog-scaled.png","width":2560,"height":1344,"caption":"Blog - Vittascience"},"image":{"@id":"https:\/\/blog.vittascience.com\/#\/schema\/logo\/image\/"}}]}},"_links":{"self":[{"href":"https:\/\/blog.vittascience.com\/en\/wp-json\/wp\/v2\/pages\/834","targetHints":{"allow":["GET"]}}],"collection":[{"href":"https:\/\/blog.vittascience.com\/en\/wp-json\/wp\/v2\/pages"}],"about":[{"href":"https:\/\/blog.vittascience.com\/en\/wp-json\/wp\/v2\/types\/page"}],"author":[{"embeddable":true,"href":"https:\/\/blog.vittascience.com\/en\/wp-json\/wp\/v2\/users\/2"}],"replies":[{"embeddable":true,"href":"https:\/\/blog.vittascience.com\/en\/wp-json\/wp\/v2\/comments?post=834"}],"version-history":[{"count":10,"href":"https:\/\/blog.vittascience.com\/en\/wp-json\/wp\/v2\/pages\/834\/revisions"}],"predecessor-version":[{"id":938,"href":"https:\/\/blog.vittascience.com\/en\/wp-json\/wp\/v2\/pages\/834\/revisions\/938"}],"wp:attachment":[{"href":"https:\/\/blog.vittascience.com\/en\/wp-json\/wp\/v2\/media?parent=834"}],"curies":[{"name":"wp","href":"https:\/\/api.w.org\/{rel}","templated":true}]}}