{"id":1217,"date":"2024-10-16T13:36:54","date_gmt":"2024-10-16T11:36:54","guid":{"rendered":"https:\/\/blog.vittascience.com\/?page_id=1217"},"modified":"2024-10-16T13:47:29","modified_gmt":"2024-10-16T11:47:29","slug":"categorie-ia","status":"publish","type":"page","link":"https:\/\/blog.vittascience.com\/en\/categorie-ia\/","title":{"rendered":"Artificial intelligence"},"content":{"rendered":"<div data-elementor-type=\"wp-page\" data-elementor-id=\"1217\" class=\"elementor elementor-1217\" data-elementor-post-type=\"page\">\n\t\t\t\t<div class=\"elementor-element elementor-element-ab82190 e-flex e-con-boxed e-con e-parent\" data-id=\"ab82190\" data-element_type=\"container\" data-e-type=\"container\">\n\t\t\t\t\t<div class=\"e-con-inner\">\n\t\t<div class=\"elementor-element elementor-element-5ffb06c e-con-full e-flex e-con e-child\" data-id=\"5ffb06c\" data-element_type=\"container\" data-e-type=\"container\">\n\t\t<div class=\"elementor-element elementor-element-152fa5b e-con-full e-flex e-con e-child\" data-id=\"152fa5b\" data-element_type=\"container\" data-e-type=\"container\" data-settings=\"{&quot;background_background&quot;:&quot;classic&quot;}\">\n\t\t\t\t<div class=\"elementor-element elementor-element-0945308 elementor-widget__width-initial elementor-invisible elementor-widget elementor-widget-heading\" data-id=\"0945308\" data-element_type=\"widget\" data-e-type=\"widget\" data-settings=\"{&quot;motion_fx_motion_fx_mouse&quot;:&quot;yes&quot;,&quot;_animation&quot;:&quot;fadeInDown&quot;}\" data-widget_type=\"heading.default\">\n\t\t\t\t<div class=\"elementor-widget-container\">\n\t\t\t\t\t<h2 class=\"elementor-heading-title elementor-size-default\">Artificial intelligence<\/h2>\t\t\t\t<\/div>\n\t\t\t\t<\/div>\n\t\t\t\t<\/div>\n\t\t\t\t<\/div>\n\t\t\t\t\t<\/div>\n\t\t\t\t<\/div>\n\t\t<div class=\"elementor-element elementor-element-a291b17 e-flex e-con-boxed e-con e-parent\" data-id=\"a291b17\" data-element_type=\"container\" data-e-type=\"container\">\n\t\t\t\t\t<div class=\"e-con-inner\">\n\t\t<div class=\"elementor-element elementor-element-7902221 e-con-full e-flex e-con e-child\" data-id=\"7902221\" data-element_type=\"container\" data-e-type=\"container\">\n\t\t<div class=\"elementor-element elementor-element-9119d47 e-con-full e-flex elementor-invisible e-con e-child\" data-id=\"9119d47\" data-element_type=\"container\" data-e-type=\"container\" data-settings=\"{&quot;animation&quot;:&quot;fadeInUp&quot;}\">\n\t\t\t\t<div class=\"elementor-element elementor-element-2a38a38 elementor-grid-3 elementor-grid-tablet-2 elementor-grid-mobile-1 elementor-posts--thumbnail-top elementor-posts--show-avatar elementor-card-shadow-yes elementor-posts__hover-gradient elementor-widget elementor-widget-posts\" data-id=\"2a38a38\" data-element_type=\"widget\" data-e-type=\"widget\" data-settings=\"{&quot;cards_masonry&quot;:&quot;yes&quot;,&quot;cards_columns&quot;:&quot;3&quot;,&quot;cards_columns_tablet&quot;:&quot;2&quot;,&quot;cards_columns_mobile&quot;:&quot;1&quot;,&quot;cards_row_gap&quot;:{&quot;unit&quot;:&quot;px&quot;,&quot;size&quot;:35,&quot;sizes&quot;:[]},&quot;cards_row_gap_tablet&quot;:{&quot;unit&quot;:&quot;px&quot;,&quot;size&quot;:&quot;&quot;,&quot;sizes&quot;:[]},&quot;cards_row_gap_mobile&quot;:{&quot;unit&quot;:&quot;px&quot;,&quot;size&quot;:&quot;&quot;,&quot;sizes&quot;:[]}}\" data-widget_type=\"posts.cards\">\n\t\t\t\t<div class=\"elementor-widget-container\">\n\t\t\t\t\t\t\t<div class=\"elementor-posts-container elementor-posts elementor-posts--skin-cards elementor-grid\">\n\t\t\t\t<article class=\"elementor-post elementor-grid-item post-456 post type-post status-publish format-standard has-post-thumbnail hentry category-ia tag-education-et-ia tag-ethique-de-lia tag-outils-pedagogiques tag-responsabilite-numerique tag-technologies-educatives\">\n\t\t\t<div class=\"elementor-post__card\">\n\t\t\t\t<a class=\"elementor-post__thumbnail__link\" href=\"https:\/\/blog.vittascience.com\/en\/utiliser-intelligence-artificielle-guide\/\" tabindex=\"-1\" ><div class=\"elementor-post__thumbnail\"><img fetchpriority=\"high\" decoding=\"async\" width=\"300\" height=\"225\" src=\"https:\/\/blog.vittascience.com\/wp-content\/uploads\/2024\/09\/Stock_Photography_Une_main_de_femme_qui_tient_un_tlphone_porta_2-300x225.jpg\" class=\"attachment-medium size-medium wp-image-940\" alt=\"Main tenant un smartphone affichant une illustration de cerveau num\u00e9rique avec un cadenas, symbolisant la cybers\u00e9curit\u00e9 et la protection des donn\u00e9es.\" srcset=\"https:\/\/blog.vittascience.com\/wp-content\/uploads\/2024\/09\/Stock_Photography_Une_main_de_femme_qui_tient_un_tlphone_porta_2-300x225.jpg 300w, https:\/\/blog.vittascience.com\/wp-content\/uploads\/2024\/09\/Stock_Photography_Une_main_de_femme_qui_tient_un_tlphone_porta_2-1024x768.jpg 1024w, https:\/\/blog.vittascience.com\/wp-content\/uploads\/2024\/09\/Stock_Photography_Une_main_de_femme_qui_tient_un_tlphone_porta_2-768x576.jpg 768w, https:\/\/blog.vittascience.com\/wp-content\/uploads\/2024\/09\/Stock_Photography_Une_main_de_femme_qui_tient_un_tlphone_porta_2-16x12.jpg 16w, https:\/\/blog.vittascience.com\/wp-content\/uploads\/2024\/09\/Stock_Photography_Une_main_de_femme_qui_tient_un_tlphone_porta_2.jpg 1184w\" sizes=\"(max-width: 300px) 100vw, 300px\" \/><\/div><\/a>\n\t\t\t\t<div class=\"elementor-post__avatar\">\n\t\t\t<img alt='No\u00e9mie Mendy' src='https:\/\/secure.gravatar.com\/avatar\/3213d2634030cc2e55d5a501f7da783d9bd68cec9f6807030d266b845a26e940?s=128&#038;d=mm&#038;r=g' srcset='https:\/\/secure.gravatar.com\/avatar\/3213d2634030cc2e55d5a501f7da783d9bd68cec9f6807030d266b845a26e940?s=256&#038;d=mm&#038;r=g 2x' class='avatar avatar-128 photo' height='128' width='128' \/>\t\t<\/div>\n\t\t\t\t<div class=\"elementor-post__text\">\n\t\t\t\t<p class=\"elementor-post__title\">\n\t\t\t<a href=\"https:\/\/blog.vittascience.com\/en\/utiliser-intelligence-artificielle-guide\/\" >\n\t\t\t\tUsing Artificial Intelligence Well: A Practical Guide for Students and Teachers\t\t\t<\/a>\n\t\t<\/p>\n\t\t\n\t\t<a class=\"elementor-post__read-more\" href=\"https:\/\/blog.vittascience.com\/en\/utiliser-intelligence-artificielle-guide\/\" aria-label=\"Read more about Using Artificial Intelligence Well: A Practical Guide for Students and Teachers\" tabindex=\"-1\" >\n\t\t\tRead the article \u00bb\t\t<\/a>\n\n\t\t\t\t<\/div>\n\t\t\t\t\t<\/div>\n\t\t<\/article>\n\t\t\t\t<article class=\"elementor-post elementor-grid-item post-359 post type-post status-publish format-standard has-post-thumbnail hentry category-ia tag-apprentissage-machine tag-competences-numeriques tag-stem tag-technologie-educative\">\n\t\t\t<div class=\"elementor-post__card\">\n\t\t\t\t<a class=\"elementor-post__thumbnail__link\" href=\"https:\/\/blog.vittascience.com\/en\/comment-fonctionne-lintelligence-artificielle\/\" tabindex=\"-1\" ><div class=\"elementor-post__thumbnail\"><img decoding=\"async\" width=\"300\" height=\"225\" src=\"https:\/\/blog.vittascience.com\/wp-content\/uploads\/2024\/09\/Stock_Photography_A_boy_smiling_proudly_and_displaying_a_table_1-300x225.png\" class=\"attachment-medium size-medium wp-image-942\" alt=\"\u00c9colier souriant tenant une tablette affichant une illustration de cerveau num\u00e9rique, symbolisant l\u2019apprentissage de l\u2019intelligence artificielle en classe.\" srcset=\"https:\/\/blog.vittascience.com\/wp-content\/uploads\/2024\/09\/Stock_Photography_A_boy_smiling_proudly_and_displaying_a_table_1-300x225.png 300w, https:\/\/blog.vittascience.com\/wp-content\/uploads\/2024\/09\/Stock_Photography_A_boy_smiling_proudly_and_displaying_a_table_1-1024x768.png 1024w, https:\/\/blog.vittascience.com\/wp-content\/uploads\/2024\/09\/Stock_Photography_A_boy_smiling_proudly_and_displaying_a_table_1-768x576.png 768w, https:\/\/blog.vittascience.com\/wp-content\/uploads\/2024\/09\/Stock_Photography_A_boy_smiling_proudly_and_displaying_a_table_1-16x12.png 16w, https:\/\/blog.vittascience.com\/wp-content\/uploads\/2024\/09\/Stock_Photography_A_boy_smiling_proudly_and_displaying_a_table_1.png 1184w\" sizes=\"(max-width: 300px) 100vw, 300px\" \/><\/div><\/a>\n\t\t\t\t<div class=\"elementor-post__avatar\">\n\t\t\t<img alt='No\u00e9mie Mendy' src='https:\/\/secure.gravatar.com\/avatar\/3213d2634030cc2e55d5a501f7da783d9bd68cec9f6807030d266b845a26e940?s=128&#038;d=mm&#038;r=g' srcset='https:\/\/secure.gravatar.com\/avatar\/3213d2634030cc2e55d5a501f7da783d9bd68cec9f6807030d266b845a26e940?s=256&#038;d=mm&#038;r=g 2x' class='avatar avatar-128 photo' height='128' width='128' \/>\t\t<\/div>\n\t\t\t\t<div class=\"elementor-post__text\">\n\t\t\t\t<p class=\"elementor-post__title\">\n\t\t\t<a href=\"https:\/\/blog.vittascience.com\/en\/comment-fonctionne-lintelligence-artificielle\/\" >\n\t\t\t\tHow does artificial intelligence work?\t\t\t<\/a>\n\t\t<\/p>\n\t\t\n\t\t<a class=\"elementor-post__read-more\" href=\"https:\/\/blog.vittascience.com\/en\/comment-fonctionne-lintelligence-artificielle\/\" aria-label=\"Read more about How does artificial intelligence work?\" tabindex=\"-1\" >\n\t\t\tRead the article \u00bb\t\t<\/a>\n\n\t\t\t\t<\/div>\n\t\t\t\t\t<\/div>\n\t\t<\/article>\n\t\t\t\t<article class=\"elementor-post elementor-grid-item post-772 post type-post status-publish format-standard has-post-thumbnail hentry category-ia tag-enseignement tag-ia\">\n\t\t\t<div class=\"elementor-post__card\">\n\t\t\t\t<a class=\"elementor-post__thumbnail__link\" href=\"https:\/\/blog.vittascience.com\/en\/intelligences-artificielles-types-et-usages\/\" tabindex=\"-1\" ><div class=\"elementor-post__thumbnail\"><img decoding=\"async\" width=\"300\" height=\"233\" src=\"https:\/\/blog.vittascience.com\/wp-content\/uploads\/2024\/09\/vitta_article_ia-300x233.png\" class=\"attachment-medium size-medium wp-image-761\" alt=\"Jeune \u00e9l\u00e8ve d\u00e9couvrant les outils d\u2019intelligence artificielle sur la plateforme Vittascience via un ordinateur de bureau.\" srcset=\"https:\/\/blog.vittascience.com\/wp-content\/uploads\/2024\/09\/vitta_article_ia-300x233.png 300w, https:\/\/blog.vittascience.com\/wp-content\/uploads\/2024\/09\/vitta_article_ia-1024x796.png 1024w, https:\/\/blog.vittascience.com\/wp-content\/uploads\/2024\/09\/vitta_article_ia-768x597.png 768w, https:\/\/blog.vittascience.com\/wp-content\/uploads\/2024\/09\/vitta_article_ia-1536x1194.png 1536w, https:\/\/blog.vittascience.com\/wp-content\/uploads\/2024\/09\/vitta_article_ia.png 2048w\" sizes=\"(max-width: 300px) 100vw, 300px\" \/><\/div><\/a>\n\t\t\t\t<div class=\"elementor-post__avatar\">\n\t\t\t<img alt='No\u00e9mie Mendy' src='https:\/\/secure.gravatar.com\/avatar\/3213d2634030cc2e55d5a501f7da783d9bd68cec9f6807030d266b845a26e940?s=128&#038;d=mm&#038;r=g' srcset='https:\/\/secure.gravatar.com\/avatar\/3213d2634030cc2e55d5a501f7da783d9bd68cec9f6807030d266b845a26e940?s=256&#038;d=mm&#038;r=g 2x' class='avatar avatar-128 photo' height='128' width='128' \/>\t\t<\/div>\n\t\t\t\t<div class=\"elementor-post__text\">\n\t\t\t\t<p class=\"elementor-post__title\">\n\t\t\t<a href=\"https:\/\/blog.vittascience.com\/en\/intelligences-artificielles-types-et-usages\/\" >\n\t\t\t\tArtificial intelligence: types and uses\t\t\t<\/a>\n\t\t<\/p>\n\t\t\n\t\t<a class=\"elementor-post__read-more\" href=\"https:\/\/blog.vittascience.com\/en\/intelligences-artificielles-types-et-usages\/\" aria-label=\"Read more about Artificial Intelligence: Types and Uses\" tabindex=\"-1\" >\n\t\t\tRead the article \u00bb\t\t<\/a>\n\n\t\t\t\t<\/div>\n\t\t\t\t\t<\/div>\n\t\t<\/article>\n\t\t\t\t<\/div>\n\t\t\n\t\t\t\t\t\t<\/div>\n\t\t\t\t<\/div>\n\t\t\t\t<\/div>\n\t\t\t\t<\/div>\n\t\t\t\t\t<\/div>\n\t\t\t\t<\/div>\n\t\t\t\t<\/div>","protected":false},"excerpt":{"rendered":"<p>Artificial intelligence<\/p>","protected":false},"author":3,"featured_media":0,"parent":0,"menu_order":0,"comment_status":"closed","ping_status":"closed","template":"","meta":{"footnotes":""},"class_list":["post-1217","page","type-page","status-publish","hentry"],"yoast_head":"<!-- This site is optimized with the Yoast SEO plugin v24.2 - https:\/\/yoast.com\/wordpress\/plugins\/seo\/ -->\n<title>Intelligence Artificielle - Blog - Vittascience<\/title>\n<meta name=\"robots\" content=\"index, follow, max-snippet:-1, max-image-preview:large, max-video-preview:-1\" \/>\n<link rel=\"canonical\" href=\"https:\/\/blog.vittascience.com\/en\/categorie-ia\/\" \/>\n<meta property=\"og:locale\" content=\"en_US\" \/>\n<meta property=\"og:type\" content=\"article\" \/>\n<meta property=\"og:title\" content=\"Intelligence Artificielle - Blog - Vittascience\" \/>\n<meta property=\"og:description\" content=\"Intelligence Artificielle\" \/>\n<meta property=\"og:url\" content=\"https:\/\/blog.vittascience.com\/en\/categorie-ia\/\" \/>\n<meta property=\"og:site_name\" content=\"Blog - Vittascience\" \/>\n<meta property=\"article:modified_time\" content=\"2024-10-16T11:47:29+00:00\" \/>\n<meta name=\"twitter:card\" content=\"summary_large_image\" \/>\n<script type=\"application\/ld+json\" class=\"yoast-schema-graph\">{\"@context\":\"https:\/\/schema.org\",\"@graph\":[{\"@type\":\"WebPage\",\"@id\":\"https:\/\/blog.vittascience.com\/categorie-ia\/\",\"url\":\"https:\/\/blog.vittascience.com\/categorie-ia\/\",\"name\":\"Intelligence Artificielle - Blog - Vittascience\",\"isPartOf\":{\"@id\":\"https:\/\/blog.vittascience.com\/#website\"},\"datePublished\":\"2024-10-16T11:36:54+00:00\",\"dateModified\":\"2024-10-16T11:47:29+00:00\",\"breadcrumb\":{\"@id\":\"https:\/\/blog.vittascience.com\/categorie-ia\/#breadcrumb\"},\"inLanguage\":\"en-US\",\"potentialAction\":[{\"@type\":\"ReadAction\",\"target\":[\"https:\/\/blog.vittascience.com\/categorie-ia\/\"]}]},{\"@type\":\"BreadcrumbList\",\"@id\":\"https:\/\/blog.vittascience.com\/categorie-ia\/#breadcrumb\",\"itemListElement\":[{\"@type\":\"ListItem\",\"position\":1,\"name\":\"Accueil\",\"item\":\"https:\/\/blog.vittascience.com\/\"},{\"@type\":\"ListItem\",\"position\":2,\"name\":\"Intelligence Artificielle\"}]},{\"@type\":\"WebSite\",\"@id\":\"https:\/\/blog.vittascience.com\/#website\",\"url\":\"https:\/\/blog.vittascience.com\/\",\"name\":\"Blog - Vittascience\",\"description\":\"Le blog de Vittascience\",\"publisher\":{\"@id\":\"https:\/\/blog.vittascience.com\/#organization\"},\"potentialAction\":[{\"@type\":\"SearchAction\",\"target\":{\"@type\":\"EntryPoint\",\"urlTemplate\":\"https:\/\/blog.vittascience.com\/?s={search_term_string}\"},\"query-input\":{\"@type\":\"PropertyValueSpecification\",\"valueRequired\":true,\"valueName\":\"search_term_string\"}}],\"inLanguage\":\"en-US\"},{\"@type\":\"Organization\",\"@id\":\"https:\/\/blog.vittascience.com\/#organization\",\"name\":\"Blog - Vittascience\",\"url\":\"https:\/\/blog.vittascience.com\/\",\"logo\":{\"@type\":\"ImageObject\",\"inLanguage\":\"en-US\",\"@id\":\"https:\/\/blog.vittascience.com\/#\/schema\/logo\/image\/\",\"url\":\"https:\/\/blog.vittascience.com\/wp-content\/uploads\/2024\/09\/logo_vittascience_blog-scaled.png\",\"contentUrl\":\"https:\/\/blog.vittascience.com\/wp-content\/uploads\/2024\/09\/logo_vittascience_blog-scaled.png\",\"width\":2560,\"height\":1344,\"caption\":\"Blog - Vittascience\"},\"image\":{\"@id\":\"https:\/\/blog.vittascience.com\/#\/schema\/logo\/image\/\"}}]}<\/script>\n<!-- \/ Yoast SEO plugin. -->","yoast_head_json":{"title":"Intelligence Artificielle - Blog - Vittascience","robots":{"index":"index","follow":"follow","max-snippet":"max-snippet:-1","max-image-preview":"max-image-preview:large","max-video-preview":"max-video-preview:-1"},"canonical":"https:\/\/blog.vittascience.com\/en\/categorie-ia\/","og_locale":"en_US","og_type":"article","og_title":"Intelligence Artificielle - Blog - Vittascience","og_description":"Intelligence Artificielle","og_url":"https:\/\/blog.vittascience.com\/en\/categorie-ia\/","og_site_name":"Blog - Vittascience","article_modified_time":"2024-10-16T11:47:29+00:00","twitter_card":"summary_large_image","schema":{"@context":"https:\/\/schema.org","@graph":[{"@type":"WebPage","@id":"https:\/\/blog.vittascience.com\/categorie-ia\/","url":"https:\/\/blog.vittascience.com\/categorie-ia\/","name":"Intelligence Artificielle - Blog - Vittascience","isPartOf":{"@id":"https:\/\/blog.vittascience.com\/#website"},"datePublished":"2024-10-16T11:36:54+00:00","dateModified":"2024-10-16T11:47:29+00:00","breadcrumb":{"@id":"https:\/\/blog.vittascience.com\/categorie-ia\/#breadcrumb"},"inLanguage":"en-US","potentialAction":[{"@type":"ReadAction","target":["https:\/\/blog.vittascience.com\/categorie-ia\/"]}]},{"@type":"BreadcrumbList","@id":"https:\/\/blog.vittascience.com\/categorie-ia\/#breadcrumb","itemListElement":[{"@type":"ListItem","position":1,"name":"Accueil","item":"https:\/\/blog.vittascience.com\/"},{"@type":"ListItem","position":2,"name":"Intelligence Artificielle"}]},{"@type":"WebSite","@id":"https:\/\/blog.vittascience.com\/#website","url":"https:\/\/blog.vittascience.com\/","name":"Blog - Vittascience","description":"Le blog de Vittascience","publisher":{"@id":"https:\/\/blog.vittascience.com\/#organization"},"potentialAction":[{"@type":"SearchAction","target":{"@type":"EntryPoint","urlTemplate":"https:\/\/blog.vittascience.com\/?s={search_term_string}"},"query-input":{"@type":"PropertyValueSpecification","valueRequired":true,"valueName":"search_term_string"}}],"inLanguage":"en-US"},{"@type":"Organization","@id":"https:\/\/blog.vittascience.com\/#organization","name":"Blog - Vittascience","url":"https:\/\/blog.vittascience.com\/","logo":{"@type":"ImageObject","inLanguage":"en-US","@id":"https:\/\/blog.vittascience.com\/#\/schema\/logo\/image\/","url":"https:\/\/blog.vittascience.com\/wp-content\/uploads\/2024\/09\/logo_vittascience_blog-scaled.png","contentUrl":"https:\/\/blog.vittascience.com\/wp-content\/uploads\/2024\/09\/logo_vittascience_blog-scaled.png","width":2560,"height":1344,"caption":"Blog - Vittascience"},"image":{"@id":"https:\/\/blog.vittascience.com\/#\/schema\/logo\/image\/"}}]}},"_links":{"self":[{"href":"https:\/\/blog.vittascience.com\/en\/wp-json\/wp\/v2\/pages\/1217","targetHints":{"allow":["GET"]}}],"collection":[{"href":"https:\/\/blog.vittascience.com\/en\/wp-json\/wp\/v2\/pages"}],"about":[{"href":"https:\/\/blog.vittascience.com\/en\/wp-json\/wp\/v2\/types\/page"}],"author":[{"embeddable":true,"href":"https:\/\/blog.vittascience.com\/en\/wp-json\/wp\/v2\/users\/3"}],"replies":[{"embeddable":true,"href":"https:\/\/blog.vittascience.com\/en\/wp-json\/wp\/v2\/comments?post=1217"}],"version-history":[{"count":4,"href":"https:\/\/blog.vittascience.com\/en\/wp-json\/wp\/v2\/pages\/1217\/revisions"}],"predecessor-version":[{"id":1221,"href":"https:\/\/blog.vittascience.com\/en\/wp-json\/wp\/v2\/pages\/1217\/revisions\/1221"}],"wp:attachment":[{"href":"https:\/\/blog.vittascience.com\/en\/wp-json\/wp\/v2\/media?parent=1217"}],"curies":[{"name":"wp","href":"https:\/\/api.w.org\/{rel}","templated":true}]}}