{"id":1155,"date":"2024-10-16T13:19:52","date_gmt":"2024-10-16T11:19:52","guid":{"rendered":"https:\/\/blog.vittascience.com\/?page_id=1155"},"modified":"2024-10-31T13:57:29","modified_gmt":"2024-10-31T12:57:29","slug":"categorie-programmation","status":"publish","type":"page","link":"https:\/\/blog.vittascience.com\/en\/categorie-programmation\/","title":{"rendered":"Programming"},"content":{"rendered":"<div data-elementor-type=\"wp-page\" data-elementor-id=\"1155\" class=\"elementor elementor-1155\" data-elementor-post-type=\"page\">\n\t\t\t\t<div class=\"elementor-element elementor-element-ac161f9 e-con-full e-flex e-con e-parent\" data-id=\"ac161f9\" data-element_type=\"container\" data-e-type=\"container\">\n\t\t<div class=\"elementor-element elementor-element-9ead2d8 e-con-full e-flex e-con e-child\" data-id=\"9ead2d8\" data-element_type=\"container\" data-e-type=\"container\" data-settings=\"{&quot;background_background&quot;:&quot;classic&quot;}\">\n\t\t\t\t<div class=\"elementor-element elementor-element-e6aab91 elementor-widget__width-initial elementor-invisible elementor-widget elementor-widget-heading\" data-id=\"e6aab91\" data-element_type=\"widget\" data-e-type=\"widget\" data-settings=\"{&quot;motion_fx_motion_fx_mouse&quot;:&quot;yes&quot;,&quot;_animation&quot;:&quot;fadeInDown&quot;}\" data-widget_type=\"heading.default\">\n\t\t\t\t<div class=\"elementor-widget-container\">\n\t\t\t\t\t<h2 class=\"elementor-heading-title elementor-size-default\">Programming<\/h2>\t\t\t\t<\/div>\n\t\t\t\t<\/div>\n\t\t\t\t<\/div>\n\t\t\t\t<\/div>\n\t\t<div class=\"elementor-element elementor-element-94850cc e-flex e-con-boxed e-con e-parent\" data-id=\"94850cc\" data-element_type=\"container\" data-e-type=\"container\">\n\t\t\t\t\t<div class=\"e-con-inner\">\n\t\t<div class=\"elementor-element elementor-element-d9f9a65 e-con-full e-flex elementor-invisible e-con e-child\" data-id=\"d9f9a65\" data-element_type=\"container\" data-e-type=\"container\" data-settings=\"{&quot;animation&quot;:&quot;fadeInUp&quot;}\">\n\t\t\t\t<div class=\"elementor-element elementor-element-9779a05 elementor-grid-3 elementor-grid-tablet-2 elementor-grid-mobile-1 elementor-posts--thumbnail-top elementor-posts--show-avatar elementor-card-shadow-yes elementor-posts__hover-gradient elementor-widget elementor-widget-posts\" data-id=\"9779a05\" data-element_type=\"widget\" data-e-type=\"widget\" data-settings=\"{&quot;cards_masonry&quot;:&quot;yes&quot;,&quot;cards_columns&quot;:&quot;3&quot;,&quot;cards_columns_tablet&quot;:&quot;2&quot;,&quot;cards_columns_mobile&quot;:&quot;1&quot;,&quot;cards_row_gap&quot;:{&quot;unit&quot;:&quot;px&quot;,&quot;size&quot;:35,&quot;sizes&quot;:[]},&quot;cards_row_gap_tablet&quot;:{&quot;unit&quot;:&quot;px&quot;,&quot;size&quot;:&quot;&quot;,&quot;sizes&quot;:[]},&quot;cards_row_gap_mobile&quot;:{&quot;unit&quot;:&quot;px&quot;,&quot;size&quot;:&quot;&quot;,&quot;sizes&quot;:[]}}\" data-widget_type=\"posts.cards\">\n\t\t\t\t<div class=\"elementor-widget-container\">\n\t\t\t\t\t\t\t<div class=\"elementor-posts-container elementor-posts elementor-posts--skin-cards elementor-grid\">\n\t\t\t\t<article class=\"elementor-post elementor-grid-item post-365 post type-post status-publish format-standard has-post-thumbnail hentry category-programmation tag-apprentissage-du-code tag-enseignement tag-pedagogie tag-primaire tag-programmation tag-programmation-pour-debutants\">\n\t\t\t<div class=\"elementor-post__card\">\n\t\t\t\t<a class=\"elementor-post__thumbnail__link\" href=\"https:\/\/blog.vittascience.com\/en\/langages-programmation-pour-enfants\/\" tabindex=\"-1\" ><div class=\"elementor-post__thumbnail\"><img fetchpriority=\"high\" decoding=\"async\" width=\"800\" height=\"599\" src=\"https:\/\/blog.vittascience.com\/wp-content\/uploads\/2024\/09\/alchemyrefiner_alchemymagic_3_bc023c75-43cb-4871-9850-4a0cfeba202f_0-1-1024x767.jpg\" class=\"attachment-large size-large wp-image-943\" alt=\"\u00c9coli\u00e8re concentr\u00e9e travaillant sur un ordinateur portable pendant un cours de programmation, avec un camarade prenant des notes \u00e0 l\u2019arri\u00e8re-plan.\" srcset=\"https:\/\/blog.vittascience.com\/wp-content\/uploads\/2024\/09\/alchemyrefiner_alchemymagic_3_bc023c75-43cb-4871-9850-4a0cfeba202f_0-1-1024x767.jpg 1024w, https:\/\/blog.vittascience.com\/wp-content\/uploads\/2024\/09\/alchemyrefiner_alchemymagic_3_bc023c75-43cb-4871-9850-4a0cfeba202f_0-1-300x225.jpg 300w, https:\/\/blog.vittascience.com\/wp-content\/uploads\/2024\/09\/alchemyrefiner_alchemymagic_3_bc023c75-43cb-4871-9850-4a0cfeba202f_0-1-768x575.jpg 768w, https:\/\/blog.vittascience.com\/wp-content\/uploads\/2024\/09\/alchemyrefiner_alchemymagic_3_bc023c75-43cb-4871-9850-4a0cfeba202f_0-1-1536x1151.jpg 1536w, https:\/\/blog.vittascience.com\/wp-content\/uploads\/2024\/09\/alchemyrefiner_alchemymagic_3_bc023c75-43cb-4871-9850-4a0cfeba202f_0-1-2048x1534.jpg 2048w, https:\/\/blog.vittascience.com\/wp-content\/uploads\/2024\/09\/alchemyrefiner_alchemymagic_3_bc023c75-43cb-4871-9850-4a0cfeba202f_0-1-16x12.jpg 16w\" sizes=\"(max-width: 800px) 100vw, 800px\" \/><\/div><\/a>\n\t\t\t\t<div class=\"elementor-post__avatar\">\n\t\t\t<img alt='Amandine Daim\u00e9' src='https:\/\/secure.gravatar.com\/avatar\/255d03f6804b9abf2a42070ca34ebca64ee5e05e01d0a4bc553b03769ca1bcd3?s=128&#038;d=mm&#038;r=g' srcset='https:\/\/secure.gravatar.com\/avatar\/255d03f6804b9abf2a42070ca34ebca64ee5e05e01d0a4bc553b03769ca1bcd3?s=256&#038;d=mm&#038;r=g 2x' class='avatar avatar-128 photo' height='128' width='128' \/>\t\t<\/div>\n\t\t\t\t<div class=\"elementor-post__text\">\n\t\t\t\t<p class=\"elementor-post__title\">\n\t\t\t<a href=\"https:\/\/blog.vittascience.com\/en\/langages-programmation-pour-enfants\/\" >\n\t\t\t\tThe Best Programming Languages for Kids: A Guide for Teachers\t\t\t<\/a>\n\t\t<\/p>\n\t\t\n\t\t<a class=\"elementor-post__read-more\" href=\"https:\/\/blog.vittascience.com\/en\/langages-programmation-pour-enfants\/\" aria-label=\"Read more about The Best Programming Languages for Kids: A Guide for Teachers\" tabindex=\"-1\" >\n\t\t\tRead the article \u00bb\t\t<\/a>\n\n\t\t\t\t<\/div>\n\t\t\t\t\t<\/div>\n\t\t<\/article>\n\t\t\t\t<article class=\"elementor-post elementor-grid-item post-313 post type-post status-publish format-standard has-post-thumbnail hentry category-programmation tag-apprentissage-du-code tag-javascript tag-php tag-programmation-pour-debutants tag-python\">\n\t\t\t<div class=\"elementor-post__card\">\n\t\t\t\t<a class=\"elementor-post__thumbnail__link\" href=\"https:\/\/blog.vittascience.com\/en\/differents-types-langages-programmation-guide\/\" tabindex=\"-1\" ><div class=\"elementor-post__thumbnail\"><img decoding=\"async\" width=\"800\" height=\"622\" src=\"https:\/\/blog.vittascience.com\/wp-content\/uploads\/2024\/09\/Visuels-blog-1024x796.png\" class=\"attachment-large size-large wp-image-760\" alt=\"Interface Vittascience permettant d\u2019apprendre la programmation en blocs et en Python pour la carte micro:bit.\" srcset=\"https:\/\/blog.vittascience.com\/wp-content\/uploads\/2024\/09\/Visuels-blog-1024x796.png 1024w, https:\/\/blog.vittascience.com\/wp-content\/uploads\/2024\/09\/Visuels-blog-300x233.png 300w, https:\/\/blog.vittascience.com\/wp-content\/uploads\/2024\/09\/Visuels-blog-768x597.png 768w, https:\/\/blog.vittascience.com\/wp-content\/uploads\/2024\/09\/Visuels-blog-1536x1194.png 1536w, https:\/\/blog.vittascience.com\/wp-content\/uploads\/2024\/09\/Visuels-blog.png 2048w\" sizes=\"(max-width: 800px) 100vw, 800px\" \/><\/div><\/a>\n\t\t\t\t<div class=\"elementor-post__avatar\">\n\t\t\t<img alt='No\u00e9mie Mendy' src='https:\/\/secure.gravatar.com\/avatar\/3213d2634030cc2e55d5a501f7da783d9bd68cec9f6807030d266b845a26e940?s=128&#038;d=mm&#038;r=g' srcset='https:\/\/secure.gravatar.com\/avatar\/3213d2634030cc2e55d5a501f7da783d9bd68cec9f6807030d266b845a26e940?s=256&#038;d=mm&#038;r=g 2x' class='avatar avatar-128 photo' height='128' width='128' \/>\t\t<\/div>\n\t\t\t\t<div class=\"elementor-post__text\">\n\t\t\t\t<p class=\"elementor-post__title\">\n\t\t\t<a href=\"https:\/\/blog.vittascience.com\/en\/differents-types-langages-programmation-guide\/\" >\n\t\t\t\tThe Different Types of Programming Languages: A Complete Guide for Developers and Learners\t\t\t<\/a>\n\t\t<\/p>\n\t\t\n\t\t<a class=\"elementor-post__read-more\" href=\"https:\/\/blog.vittascience.com\/en\/differents-types-langages-programmation-guide\/\" aria-label=\"Read more about The Different Types of Programming Languages: A Complete Guide for Developers and Learners\" tabindex=\"-1\" >\n\t\t\tRead the article \u00bb\t\t<\/a>\n\n\t\t\t\t<\/div>\n\t\t\t\t\t<\/div>\n\t\t<\/article>\n\t\t\t\t<article class=\"elementor-post elementor-grid-item post-297 post type-post status-publish format-standard has-post-thumbnail hentry category-programmation tag-pedagogie tag-programmation tag-programmation-pour-debutants\">\n\t\t\t<div class=\"elementor-post__card\">\n\t\t\t\t<a class=\"elementor-post__thumbnail__link\" href=\"https:\/\/blog.vittascience.com\/en\/microbit\/\" tabindex=\"-1\" ><div class=\"elementor-post__thumbnail\"><img decoding=\"async\" width=\"800\" height=\"622\" src=\"https:\/\/blog.vittascience.com\/wp-content\/uploads\/2024\/09\/microbitvisuel-1024x796.png\" class=\"attachment-large size-large wp-image-750\" alt=\"Carte micro:bit pos\u00e9e sur un bureau avec un clavier, une souris, des livres et des plantes.\" srcset=\"https:\/\/blog.vittascience.com\/wp-content\/uploads\/2024\/09\/microbitvisuel-1024x796.png 1024w, https:\/\/blog.vittascience.com\/wp-content\/uploads\/2024\/09\/microbitvisuel-300x233.png 300w, https:\/\/blog.vittascience.com\/wp-content\/uploads\/2024\/09\/microbitvisuel-768x597.png 768w, https:\/\/blog.vittascience.com\/wp-content\/uploads\/2024\/09\/microbitvisuel-1536x1194.png 1536w, https:\/\/blog.vittascience.com\/wp-content\/uploads\/2024\/09\/microbitvisuel.png 2048w\" sizes=\"(max-width: 800px) 100vw, 800px\" \/><\/div><\/a>\n\t\t\t\t<div class=\"elementor-post__avatar\">\n\t\t\t<img alt='Amandine Daim\u00e9' src='https:\/\/secure.gravatar.com\/avatar\/255d03f6804b9abf2a42070ca34ebca64ee5e05e01d0a4bc553b03769ca1bcd3?s=128&#038;d=mm&#038;r=g' srcset='https:\/\/secure.gravatar.com\/avatar\/255d03f6804b9abf2a42070ca34ebca64ee5e05e01d0a4bc553b03769ca1bcd3?s=256&#038;d=mm&#038;r=g 2x' class='avatar avatar-128 photo' height='128' width='128' \/>\t\t<\/div>\n\t\t\t\t<div class=\"elementor-post__text\">\n\t\t\t\t<p class=\"elementor-post__title\">\n\t\t\t<a href=\"https:\/\/blog.vittascience.com\/en\/microbit\/\" >\n\t\t\t\tThe Micro:bit card: Learn to code while having fun\t\t\t<\/a>\n\t\t<\/p>\n\t\t\n\t\t<a class=\"elementor-post__read-more\" href=\"https:\/\/blog.vittascience.com\/en\/microbit\/\" aria-label=\"Read more about The Micro:bit card: Learn to code while having fun\" tabindex=\"-1\" >\n\t\t\tRead the article \u00bb\t\t<\/a>\n\n\t\t\t\t<\/div>\n\t\t\t\t\t<\/div>\n\t\t<\/article>\n\t\t\t\t<article class=\"elementor-post elementor-grid-item post-239 post type-post status-publish format-standard has-post-thumbnail hentry category-pedagogie tag-pedagogie tag-programmation\">\n\t\t\t<div class=\"elementor-post__card\">\n\t\t\t\t<a class=\"elementor-post__thumbnail__link\" href=\"https:\/\/blog.vittascience.com\/en\/avantage-apprentissage-programmation\/\" tabindex=\"-1\" ><div class=\"elementor-post__thumbnail\"><img loading=\"lazy\" decoding=\"async\" width=\"800\" height=\"622\" src=\"https:\/\/blog.vittascience.com\/wp-content\/uploads\/2024\/09\/Firefly-Une-jeune-fille-avec-les-cheveux-roux-qui-travaille-sur-un-ordinateur-dans-un-bureau-sombre-1024x796.jpg\" class=\"attachment-large size-large wp-image-744\" alt=\"Jeune femme travaillant sur un ordinateur portable, assise \u00e0 un bureau entour\u00e9 de plantes et d&#039;\u00e9tag\u00e8res remplies de livres.\" srcset=\"https:\/\/blog.vittascience.com\/wp-content\/uploads\/2024\/09\/Firefly-Une-jeune-fille-avec-les-cheveux-roux-qui-travaille-sur-un-ordinateur-dans-un-bureau-sombre-1024x796.jpg 1024w, https:\/\/blog.vittascience.com\/wp-content\/uploads\/2024\/09\/Firefly-Une-jeune-fille-avec-les-cheveux-roux-qui-travaille-sur-un-ordinateur-dans-un-bureau-sombre-300x233.jpg 300w, https:\/\/blog.vittascience.com\/wp-content\/uploads\/2024\/09\/Firefly-Une-jeune-fille-avec-les-cheveux-roux-qui-travaille-sur-un-ordinateur-dans-un-bureau-sombre-768x597.jpg 768w, https:\/\/blog.vittascience.com\/wp-content\/uploads\/2024\/09\/Firefly-Une-jeune-fille-avec-les-cheveux-roux-qui-travaille-sur-un-ordinateur-dans-un-bureau-sombre-1536x1195.jpg 1536w, https:\/\/blog.vittascience.com\/wp-content\/uploads\/2024\/09\/Firefly-Une-jeune-fille-avec-les-cheveux-roux-qui-travaille-sur-un-ordinateur-dans-un-bureau-sombre-2048x1593.jpg 2048w\" sizes=\"(max-width: 800px) 100vw, 800px\" \/><\/div><\/a>\n\t\t\t\t<div class=\"elementor-post__avatar\">\n\t\t\t<img alt='Amandine Daim\u00e9' src='https:\/\/secure.gravatar.com\/avatar\/255d03f6804b9abf2a42070ca34ebca64ee5e05e01d0a4bc553b03769ca1bcd3?s=128&#038;d=mm&#038;r=g' srcset='https:\/\/secure.gravatar.com\/avatar\/255d03f6804b9abf2a42070ca34ebca64ee5e05e01d0a4bc553b03769ca1bcd3?s=256&#038;d=mm&#038;r=g 2x' class='avatar avatar-128 photo' height='128' width='128' \/>\t\t<\/div>\n\t\t\t\t<div class=\"elementor-post__text\">\n\t\t\t\t<p class=\"elementor-post__title\">\n\t\t\t<a href=\"https:\/\/blog.vittascience.com\/en\/avantage-apprentissage-programmation\/\" >\n\t\t\t\tThe Benefits of Learning Programming\t\t\t<\/a>\n\t\t<\/p>\n\t\t\n\t\t<a class=\"elementor-post__read-more\" href=\"https:\/\/blog.vittascience.com\/en\/avantage-apprentissage-programmation\/\" aria-label=\"Read more about The Benefits of Learning Programming\" tabindex=\"-1\" >\n\t\t\tRead the article \u00bb\t\t<\/a>\n\n\t\t\t\t<\/div>\n\t\t\t\t\t<\/div>\n\t\t<\/article>\n\t\t\t\t<\/div>\n\t\t\n\t\t\t\t\t\t<\/div>\n\t\t\t\t<\/div>\n\t\t\t\t<\/div>\n\t\t\t\t\t<\/div>\n\t\t\t\t<\/div>\n\t\t\t\t<\/div>","protected":false},"excerpt":{"rendered":"<p>Programming<\/p>","protected":false},"author":3,"featured_media":0,"parent":0,"menu_order":0,"comment_status":"closed","ping_status":"closed","template":"","meta":{"footnotes":""},"class_list":["post-1155","page","type-page","status-publish","hentry"],"yoast_head":"<!-- This site is optimized with the Yoast SEO plugin v24.2 - https:\/\/yoast.com\/wordpress\/plugins\/seo\/ -->\n<title>Programmation - Blog - Vittascience<\/title>\n<meta name=\"robots\" content=\"index, follow, max-snippet:-1, max-image-preview:large, max-video-preview:-1\" \/>\n<link rel=\"canonical\" href=\"https:\/\/blog.vittascience.com\/en\/categorie-programmation\/\" \/>\n<meta property=\"og:locale\" content=\"en_US\" \/>\n<meta property=\"og:type\" content=\"article\" \/>\n<meta property=\"og:title\" content=\"Programmation - Blog - Vittascience\" \/>\n<meta property=\"og:description\" content=\"Programmation\" \/>\n<meta property=\"og:url\" content=\"https:\/\/blog.vittascience.com\/en\/categorie-programmation\/\" \/>\n<meta property=\"og:site_name\" content=\"Blog - Vittascience\" \/>\n<meta property=\"article:modified_time\" content=\"2024-10-31T12:57:29+00:00\" \/>\n<meta name=\"twitter:card\" content=\"summary_large_image\" \/>\n<meta name=\"twitter:label1\" content=\"Est. reading time\" \/>\n\t<meta name=\"twitter:data1\" content=\"2 minutes\" \/>\n<script type=\"application\/ld+json\" class=\"yoast-schema-graph\">{\"@context\":\"https:\/\/schema.org\",\"@graph\":[{\"@type\":\"WebPage\",\"@id\":\"https:\/\/blog.vittascience.com\/categorie-programmation\/\",\"url\":\"https:\/\/blog.vittascience.com\/categorie-programmation\/\",\"name\":\"Programmation - Blog - Vittascience\",\"isPartOf\":{\"@id\":\"https:\/\/blog.vittascience.com\/#website\"},\"datePublished\":\"2024-10-16T11:19:52+00:00\",\"dateModified\":\"2024-10-31T12:57:29+00:00\",\"breadcrumb\":{\"@id\":\"https:\/\/blog.vittascience.com\/categorie-programmation\/#breadcrumb\"},\"inLanguage\":\"en-US\",\"potentialAction\":[{\"@type\":\"ReadAction\",\"target\":[\"https:\/\/blog.vittascience.com\/categorie-programmation\/\"]}]},{\"@type\":\"BreadcrumbList\",\"@id\":\"https:\/\/blog.vittascience.com\/categorie-programmation\/#breadcrumb\",\"itemListElement\":[{\"@type\":\"ListItem\",\"position\":1,\"name\":\"Accueil\",\"item\":\"https:\/\/blog.vittascience.com\/\"},{\"@type\":\"ListItem\",\"position\":2,\"name\":\"Programmation\"}]},{\"@type\":\"WebSite\",\"@id\":\"https:\/\/blog.vittascience.com\/#website\",\"url\":\"https:\/\/blog.vittascience.com\/\",\"name\":\"Blog - Vittascience\",\"description\":\"Le blog de Vittascience\",\"publisher\":{\"@id\":\"https:\/\/blog.vittascience.com\/#organization\"},\"potentialAction\":[{\"@type\":\"SearchAction\",\"target\":{\"@type\":\"EntryPoint\",\"urlTemplate\":\"https:\/\/blog.vittascience.com\/?s={search_term_string}\"},\"query-input\":{\"@type\":\"PropertyValueSpecification\",\"valueRequired\":true,\"valueName\":\"search_term_string\"}}],\"inLanguage\":\"en-US\"},{\"@type\":\"Organization\",\"@id\":\"https:\/\/blog.vittascience.com\/#organization\",\"name\":\"Blog - Vittascience\",\"url\":\"https:\/\/blog.vittascience.com\/\",\"logo\":{\"@type\":\"ImageObject\",\"inLanguage\":\"en-US\",\"@id\":\"https:\/\/blog.vittascience.com\/#\/schema\/logo\/image\/\",\"url\":\"https:\/\/blog.vittascience.com\/wp-content\/uploads\/2024\/09\/logo_vittascience_blog-scaled.png\",\"contentUrl\":\"https:\/\/blog.vittascience.com\/wp-content\/uploads\/2024\/09\/logo_vittascience_blog-scaled.png\",\"width\":2560,\"height\":1344,\"caption\":\"Blog - Vittascience\"},\"image\":{\"@id\":\"https:\/\/blog.vittascience.com\/#\/schema\/logo\/image\/\"}}]}<\/script>\n<!-- \/ Yoast SEO plugin. -->","yoast_head_json":{"title":"Programmation - Blog - Vittascience","robots":{"index":"index","follow":"follow","max-snippet":"max-snippet:-1","max-image-preview":"max-image-preview:large","max-video-preview":"max-video-preview:-1"},"canonical":"https:\/\/blog.vittascience.com\/en\/categorie-programmation\/","og_locale":"en_US","og_type":"article","og_title":"Programmation - Blog - Vittascience","og_description":"Programmation","og_url":"https:\/\/blog.vittascience.com\/en\/categorie-programmation\/","og_site_name":"Blog - Vittascience","article_modified_time":"2024-10-31T12:57:29+00:00","twitter_card":"summary_large_image","twitter_misc":{"Est. reading time":"2 minutes"},"schema":{"@context":"https:\/\/schema.org","@graph":[{"@type":"WebPage","@id":"https:\/\/blog.vittascience.com\/categorie-programmation\/","url":"https:\/\/blog.vittascience.com\/categorie-programmation\/","name":"Programmation - Blog - Vittascience","isPartOf":{"@id":"https:\/\/blog.vittascience.com\/#website"},"datePublished":"2024-10-16T11:19:52+00:00","dateModified":"2024-10-31T12:57:29+00:00","breadcrumb":{"@id":"https:\/\/blog.vittascience.com\/categorie-programmation\/#breadcrumb"},"inLanguage":"en-US","potentialAction":[{"@type":"ReadAction","target":["https:\/\/blog.vittascience.com\/categorie-programmation\/"]}]},{"@type":"BreadcrumbList","@id":"https:\/\/blog.vittascience.com\/categorie-programmation\/#breadcrumb","itemListElement":[{"@type":"ListItem","position":1,"name":"Accueil","item":"https:\/\/blog.vittascience.com\/"},{"@type":"ListItem","position":2,"name":"Programmation"}]},{"@type":"WebSite","@id":"https:\/\/blog.vittascience.com\/#website","url":"https:\/\/blog.vittascience.com\/","name":"Blog - Vittascience","description":"Le blog de Vittascience","publisher":{"@id":"https:\/\/blog.vittascience.com\/#organization"},"potentialAction":[{"@type":"SearchAction","target":{"@type":"EntryPoint","urlTemplate":"https:\/\/blog.vittascience.com\/?s={search_term_string}"},"query-input":{"@type":"PropertyValueSpecification","valueRequired":true,"valueName":"search_term_string"}}],"inLanguage":"en-US"},{"@type":"Organization","@id":"https:\/\/blog.vittascience.com\/#organization","name":"Blog - Vittascience","url":"https:\/\/blog.vittascience.com\/","logo":{"@type":"ImageObject","inLanguage":"en-US","@id":"https:\/\/blog.vittascience.com\/#\/schema\/logo\/image\/","url":"https:\/\/blog.vittascience.com\/wp-content\/uploads\/2024\/09\/logo_vittascience_blog-scaled.png","contentUrl":"https:\/\/blog.vittascience.com\/wp-content\/uploads\/2024\/09\/logo_vittascience_blog-scaled.png","width":2560,"height":1344,"caption":"Blog - Vittascience"},"image":{"@id":"https:\/\/blog.vittascience.com\/#\/schema\/logo\/image\/"}}]}},"_links":{"self":[{"href":"https:\/\/blog.vittascience.com\/en\/wp-json\/wp\/v2\/pages\/1155","targetHints":{"allow":["GET"]}}],"collection":[{"href":"https:\/\/blog.vittascience.com\/en\/wp-json\/wp\/v2\/pages"}],"about":[{"href":"https:\/\/blog.vittascience.com\/en\/wp-json\/wp\/v2\/types\/page"}],"author":[{"embeddable":true,"href":"https:\/\/blog.vittascience.com\/en\/wp-json\/wp\/v2\/users\/3"}],"replies":[{"embeddable":true,"href":"https:\/\/blog.vittascience.com\/en\/wp-json\/wp\/v2\/comments?post=1155"}],"version-history":[{"count":29,"href":"https:\/\/blog.vittascience.com\/en\/wp-json\/wp\/v2\/pages\/1155\/revisions"}],"predecessor-version":[{"id":1294,"href":"https:\/\/blog.vittascience.com\/en\/wp-json\/wp\/v2\/pages\/1155\/revisions\/1294"}],"wp:attachment":[{"href":"https:\/\/blog.vittascience.com\/en\/wp-json\/wp\/v2\/media?parent=1155"}],"curies":[{"name":"wp","href":"https:\/\/api.w.org\/{rel}","templated":true}]}}